{"id":52,"date":"2022-06-03T19:33:07","date_gmt":"2020-06-03T16:33:07","guid":{"rendered":"https:\/\/safirdemo.com\/atolye\/sikca-sorulan-sorular\/"},"modified":"2026-04-04T00:59:28","modified_gmt":"2026-04-03T21:59:28","slug":"sikca-sorulan-sorular-sss","status":"publish","type":"page","link":"https:\/\/adsart.net\/?page_id=52","title":{"rendered":"\ud83d\udcac S\u0131k\u00e7a Sorulan Sorular (SSS)"},"content":{"rendered":"\n<p><\/p>\n\n\n<div style=\"color:var(--headColor);\" class=\"singleHeading wp-block-safirtema-mainheading singleHeading wp-block-safirtema-mainheading has-text-color\">\n\t<div class=\"inner\">\n\t\t<span class=\"safiricon icon\"><svg class=\"safiricon-yorum\"><use href=\"#safiricon-yorum\"><\/use><\/svg><\/span>\t\t<div class=\"text\">Sosyal Medya Y\u00f6netimi &#038; \u0130\u00e7erik Tasar\u0131m\u0131<\/div>\n\t<\/div>\n<\/div>\n\n<div class=\"wp-block-safirtema-sorucevap\">\n\t<div class=\"question\">\n\t\t<div class=\"openclose\">\n\t\t\t<span class=\"themeicon icon\"><svg class=\"themeicon-plus\"><use href=\"#safiricon-tema--plus\"><\/use><\/svg><\/span><span class=\"themeicon icon\"><svg class=\"themeicon-minus\"><use href=\"#safiricon-tema--minus\"><\/use><\/svg><\/span>\t\t<\/div>\n\t\t<span class=\"text\">Sosyal medya y\u00f6netimi tam olarak neyi kaps\u0131yor?<\/span>\n\t<\/div>\n\t<div class=\"answer\">\u0130\u00e7erik planlamas\u0131, tasar\u0131m\u0131, payla\u015f\u0131m\u0131, etkile\u015fim takibi, reklam y\u00f6netimi ve performans raporlamas\u0131n\u0131 kapsar. Markan\u0131z\u0131n dijital sesi olmay\u0131 hedefleriz.<\/div>\n<\/div>\n\n<div class=\"wp-block-safirtema-sorucevap\">\n\t<div class=\"question\">\n\t\t<div class=\"openclose\">\n\t\t\t<span class=\"themeicon icon\"><svg class=\"themeicon-plus\"><use href=\"#safiricon-tema--plus\"><\/use><\/svg><\/span><span class=\"themeicon icon\"><svg class=\"themeicon-minus\"><use href=\"#safiricon-tema--minus\"><\/use><\/svg><\/span>\t\t<\/div>\n\t\t<span class=\"text\">Hangi platformlar i\u00e7in i\u00e7erik \u00fcretimi yap\u0131yorsunuz?<\/span>\n\t<\/div>\n\t<div class=\"answer\">\u0130nstagram, Facebook, LinkedIn, Twitter (X), Pinterest ve TikTok gibi platformlara \u00f6zel i\u00e7erikler tasarl\u0131yor ve planl\u0131yoruz.<\/div>\n<\/div>\n\n<div class=\"wp-block-safirtema-sorucevap\">\n\t<div class=\"question\">\n\t\t<div class=\"openclose\">\n\t\t\t<span class=\"themeicon icon\"><svg class=\"themeicon-plus\"><use href=\"#safiricon-tema--plus\"><\/use><\/svg><\/span><span class=\"themeicon icon\"><svg class=\"themeicon-minus\"><use href=\"#safiricon-tema--minus\"><\/use><\/svg><\/span>\t\t<\/div>\n\t\t<span class=\"text\">\u0130\u00e7erikler haz\u0131r m\u0131 geliyor yoksa birlikte mi olu\u015fturuluyor?<\/span>\n\t<\/div>\n\t<div class=\"answer\">\u0130\u00e7erikler marka dilinize uygun \u015fekilde haz\u0131rlan\u0131r, taslaklar onay\u0131n\u0131za sunularak birlikte ilerlenir.<\/div>\n<\/div>\n\n<div style=\"color:var(--headColor);\" class=\"singleHeading wp-block-safirtema-mainheading singleHeading wp-block-safirtema-mainheading has-text-color\">\n\t<div class=\"inner\">\n\t\t<span class=\"safiricon icon\"><svg class=\"safiricon-foto\"><use href=\"#safiricon-foto\"><\/use><\/svg><\/span>\t\t<div class=\"text\">Grafik Tasar\u0131m Hizmetleri<\/div>\n\t<\/div>\n<\/div>\n\n<div class=\"wp-block-safirtema-sorucevap\">\n\t<div class=\"question\">\n\t\t<div class=\"openclose\">\n\t\t\t<span class=\"themeicon icon\"><svg class=\"themeicon-plus\"><use href=\"#safiricon-tema--plus\"><\/use><\/svg><\/span><span class=\"themeicon icon\"><svg class=\"themeicon-minus\"><use href=\"#safiricon-tema--minus\"><\/use><\/svg><\/span>\t\t<\/div>\n\t\t<span class=\"text\">Hangi tasar\u0131m hizmetlerini sunuyorsunuz?<\/span>\n\t<\/div>\n\t<div class=\"answer\">Logo, katalog, ambalaj, bro\u015f\u00fcr, afi\u015f, kurumsal kimlik, sosyal medya g\u00f6rselleri, etiket, men\u00fc, banner ve motion grafik gibi bir\u00e7ok alanda tasar\u0131m hizmeti sunuyorum.<\/div>\n<\/div>\n\n<div class=\"wp-block-safirtema-sorucevap\">\n\t<div class=\"question\">\n\t\t<div class=\"openclose\">\n\t\t\t<span class=\"themeicon icon\"><svg class=\"themeicon-plus\"><use href=\"#safiricon-tema--plus\"><\/use><\/svg><\/span><span class=\"themeicon icon\"><svg class=\"themeicon-minus\"><use href=\"#safiricon-tema--minus\"><\/use><\/svg><\/span>\t\t<\/div>\n\t\t<span class=\"text\">Revize hakk\u0131m var m\u0131?<\/span>\n\t<\/div>\n\t<div class=\"answer\">Evet, her proje i\u00e7in belirlenen say\u0131da revize hakk\u0131 tan\u0131n\u0131r. Tasar\u0131m\u0131n i\u00e7inize sinmesi \u00f6nceli\u011fimizdir.<\/div>\n<\/div>\n\n<div class=\"wp-block-safirtema-sorucevap\">\n\t<div class=\"question\">\n\t\t<div class=\"openclose\">\n\t\t\t<span class=\"themeicon icon\"><svg class=\"themeicon-plus\"><use href=\"#safiricon-tema--plus\"><\/use><\/svg><\/span><span class=\"themeicon icon\"><svg class=\"themeicon-minus\"><use href=\"#safiricon-tema--minus\"><\/use><\/svg><\/span>\t\t<\/div>\n\t\t<span class=\"text\">Dosyalar\u0131 hangi formatlarda teslim ediyorsunuz?<\/span>\n\t<\/div>\n\t<div class=\"answer\">Talebe g\u00f6re PDF, PNG, JPEG, SVG ve orijinal kaynak dosyalar (AI, PSD) teslim edilir.<\/div>\n<\/div>\n\n<div style=\"color:var(--headColor);\" class=\"singleHeading wp-block-safirtema-mainheading singleHeading wp-block-safirtema-mainheading has-text-color\">\n\t<div class=\"inner\">\n\t\t<span class=\"safiricon icon\"><svg class=\"safiricon-hashtag\"><use href=\"#safiricon-hashtag\"><\/use><\/svg><\/span>\t\t<div class=\"text\">Web Tasar\u0131m &#038; Aray\u00fcz Geli\u015ftirme<\/div>\n\t<\/div>\n<\/div>\n\n<div class=\"wp-block-safirtema-sorucevap\">\n\t<div class=\"question\">\n\t\t<div class=\"openclose\">\n\t\t\t<span class=\"themeicon icon\"><svg class=\"themeicon-plus\"><use href=\"#safiricon-tema--plus\"><\/use><\/svg><\/span><span class=\"themeicon icon\"><svg class=\"themeicon-minus\"><use href=\"#safiricon-tema--minus\"><\/use><\/svg><\/span>\t\t<\/div>\n\t\t<span class=\"text\">Web sitesi yapt\u0131rman\u0131n avantaj\u0131 nedir?<\/span>\n\t<\/div>\n\t<div class=\"answer\">Markan\u0131z\u0131 dijital ortamda temsil eder, g\u00fcven verir, ula\u015f\u0131labilirli\u011finizi art\u0131r\u0131r ve SEO uyumuyla daha fazla g\u00f6r\u00fcn\u00fcrl\u00fck sa\u011flar.<\/div>\n<\/div>\n\n<div class=\"wp-block-safirtema-sorucevap\">\n\t<div class=\"question\">\n\t\t<div class=\"openclose\">\n\t\t\t<span class=\"themeicon icon\"><svg class=\"themeicon-plus\"><use href=\"#safiricon-tema--plus\"><\/use><\/svg><\/span><span class=\"themeicon icon\"><svg class=\"themeicon-minus\"><use href=\"#safiricon-tema--minus\"><\/use><\/svg><\/span>\t\t<\/div>\n\t\t<span class=\"text\">Web siteleri mobil uyumlu oluyor mu?<\/span>\n\t<\/div>\n\t<div class=\"answer\">Evet, t\u00fcm siteler %100 mobil uyumlu ve kullan\u0131c\u0131 dostu \u015fekilde tasarlan\u0131r.<\/div>\n<\/div>\n\n<div class=\"wp-block-safirtema-sorucevap\">\n\t<div class=\"question\">\n\t\t<div class=\"openclose\">\n\t\t\t<span class=\"themeicon icon\"><svg class=\"themeicon-plus\"><use href=\"#safiricon-tema--plus\"><\/use><\/svg><\/span><span class=\"themeicon icon\"><svg class=\"themeicon-minus\"><use href=\"#safiricon-tema--minus\"><\/use><\/svg><\/span>\t\t<\/div>\n\t\t<span class=\"text\"> Web tasar\u0131m s\u00fcreci nas\u0131l i\u015fliyor?<\/span>\n\t<\/div>\n\t<div class=\"answer\">\u0130htiya\u00e7 analizi \u2192 tasar\u0131m s\u00fcreci \u2192 kodlama \u2192 test \u2192 yay\u0131nlama ve teslim \u015feklinde ilerleriz.<\/div>\n<\/div>\n\n<div style=\"color:var(--headColor);\" class=\"singleHeading wp-block-safirtema-mainheading singleHeading wp-block-safirtema-mainheading has-text-color\">\n\t<div class=\"inner\">\n\t\t<span class=\"safiricon icon\"><svg class=\"safiricon-yazici\"><use href=\"#safiricon-yazici\"><\/use><\/svg><\/span>\t\t<div class=\"text\">Kurumsal Kimlik Tasar\u0131m\u0131<\/div>\n\t<\/div>\n<\/div>\n\n<div class=\"wp-block-safirtema-sorucevap\">\n\t<div class=\"question\">\n\t\t<div class=\"openclose\">\n\t\t\t<span class=\"themeicon icon\"><svg class=\"themeicon-plus\"><use href=\"#safiricon-tema--plus\"><\/use><\/svg><\/span><span class=\"themeicon icon\"><svg class=\"themeicon-minus\"><use href=\"#safiricon-tema--minus\"><\/use><\/svg><\/span>\t\t<\/div>\n\t\t<span class=\"text\">Kurumsal kimlik neleri kapsar?<\/span>\n\t<\/div>\n\t<div class=\"answer\">Logo, kartvizit, antetli ka\u011f\u0131t, zarf, dosya tasar\u0131mlar\u0131, e-mail imzas\u0131, sosyal medya \u015fablonlar\u0131 ve marka k\u0131lavuzunu i\u00e7erir.<\/div>\n<\/div>\n\n<div class=\"wp-block-safirtema-sorucevap\">\n\t<div class=\"question\">\n\t\t<div class=\"openclose\">\n\t\t\t<span class=\"themeicon icon\"><svg class=\"themeicon-plus\"><use href=\"#safiricon-tema--plus\"><\/use><\/svg><\/span><span class=\"themeicon icon\"><svg class=\"themeicon-minus\"><use href=\"#safiricon-tema--minus\"><\/use><\/svg><\/span>\t\t<\/div>\n\t\t<span class=\"text\">Kurumsal kimlik neden \u00f6nemlidir?<\/span>\n\t<\/div>\n\t<div class=\"answer\">Markan\u0131z\u0131n profesyonel, tutarl\u0131 ve tan\u0131nabilir g\u00f6r\u00fcnmesini sa\u011flar; hedef kitlenizde g\u00fcven olu\u015fturur.<\/div>\n<\/div>\n\n<div style=\"color:var(--headColor);\" class=\"singleHeading wp-block-safirtema-mainheading singleHeading wp-block-safirtema-mainheading has-text-color\">\n\t<div class=\"inner\">\n\t\t<span class=\"safiricon icon\"><svg class=\"safiricon-tac\"><use href=\"#safiricon-tac\"><\/use><\/svg><\/span>\t\t<div class=\"text\">Marka Vizyonu &#038; Yarat\u0131c\u0131 S\u00fcre\u00e7<\/div>\n\t<\/div>\n<\/div>\n\n<div class=\"wp-block-safirtema-sorucevap\">\n\t<div class=\"question\">\n\t\t<div class=\"openclose\">\n\t\t\t<span class=\"themeicon icon\"><svg class=\"themeicon-plus\"><use href=\"#safiricon-tema--plus\"><\/use><\/svg><\/span><span class=\"themeicon icon\"><svg class=\"themeicon-minus\"><use href=\"#safiricon-tema--minus\"><\/use><\/svg><\/span>\t\t<\/div>\n\t\t<span class=\"text\">Sadece tasar\u0131m m\u0131 yap\u0131yorsunuz, yoksa marka geli\u015ftirmeye de destek oluyor musunuz?<\/span>\n\t<\/div>\n\t<div class=\"answer\">Sadece tasarlamakla kalm\u0131yor, markan\u0131z\u0131n vizyonuna katk\u0131 sa\u011fl\u0131yoruz. Hedef kitleye nas\u0131l g\u00f6r\u00fcnmeniz gerekti\u011fini birlikte planl\u0131yoruz.<\/div>\n<\/div>\n\n<div class=\"wp-block-safirtema-sorucevap\">\n\t<div class=\"question\">\n\t\t<div class=\"openclose\">\n\t\t\t<span class=\"themeicon icon\"><svg class=\"themeicon-plus\"><use href=\"#safiricon-tema--plus\"><\/use><\/svg><\/span><span class=\"themeicon icon\"><svg class=\"themeicon-minus\"><use href=\"#safiricon-tema--minus\"><\/use><\/svg><\/span>\t\t<\/div>\n\t\t<span class=\"text\">Projelere yakla\u015f\u0131m\u0131n\u0131z nas\u0131l?<\/span>\n\t<\/div>\n\t<div class=\"answer\">Her marka bir hik\u00e2yedir. Sizi dinliyor, hedeflerinizi anl\u0131yor ve tasar\u0131mlar\u0131m\u0131 bu hik\u00e2yeyi en iyi yans\u0131tacak \u015fekilde \u015fekillendiriyorum.<\/div>\n<\/div>","protected":false},"excerpt":{"rendered":"","protected":false},"author":1,"featured_media":696,"parent":0,"menu_order":0,"comment_status":"closed","ping_status":"closed","template":"","meta":{"footnotes":""},"class_list":["post-52","page","type-page","status-publish","has-post-thumbnail","hentry"],"_links":{"self":[{"href":"https:\/\/adsart.net\/index.php?rest_route=\/wp\/v2\/pages\/52","targetHints":{"allow":["GET"]}}],"collection":[{"href":"https:\/\/adsart.net\/index.php?rest_route=\/wp\/v2\/pages"}],"about":[{"href":"https:\/\/adsart.net\/index.php?rest_route=\/wp\/v2\/types\/page"}],"author":[{"embeddable":true,"href":"https:\/\/adsart.net\/index.php?rest_route=\/wp\/v2\/users\/1"}],"replies":[{"embeddable":true,"href":"https:\/\/adsart.net\/index.php?rest_route=%2Fwp%2Fv2%2Fcomments&post=52"}],"version-history":[{"count":4,"href":"https:\/\/adsart.net\/index.php?rest_route=\/wp\/v2\/pages\/52\/revisions"}],"predecessor-version":[{"id":791,"href":"https:\/\/adsart.net\/index.php?rest_route=\/wp\/v2\/pages\/52\/revisions\/791"}],"wp:featuredmedia":[{"embeddable":true,"href":"https:\/\/adsart.net\/index.php?rest_route=\/wp\/v2\/media\/696"}],"wp:attachment":[{"href":"https:\/\/adsart.net\/index.php?rest_route=%2Fwp%2Fv2%2Fmedia&parent=52"}],"curies":[{"name":"wp","href":"https:\/\/api.w.org\/{rel}","templated":true}]}}