{"id":303,"date":"2022-11-12T18:05:07","date_gmt":"2020-12-12T15:05:07","guid":{"rendered":"https:\/\/safirdemo.com\/atolye\/iletisim\/"},"modified":"2025-04-26T12:22:45","modified_gmt":"2025-04-26T09:22:45","slug":"her-proje-bir-konusmayla-baslar-sorulariniz-fikirleriniz-ve-projeleriniz-icin-buradayiz","status":"publish","type":"page","link":"https:\/\/adsart.net\/?page_id=303","title":{"rendered":"\ud83d\udcde Bizimle \u0130leti\u015fime Ge\u00e7in"},"content":{"rendered":"<div style=\"color:var(--headColor);\" class=\"singleHeading wp-block-safirtema-mainheading has-text-color\">\n\t<div class=\"inner\">\n\t\t<span class=\"safiricon icon\"><svg class=\"safiricon-ok\"><use href=\"#safiricon-ok\"><\/use><\/svg><\/span>\t\t<div class=\"text\">Her proje bir konu\u015fmayla ba\u015flar \u2014 sorular\u0131n\u0131z, fikirleriniz ve projeleriniz i\u00e7in buraday\u0131z.<\/div>\n\t<\/div>\n<\/div>\n\n\n<p><\/p>\n","protected":false},"excerpt":{"rendered":"","protected":false},"author":1,"featured_media":0,"parent":0,"menu_order":0,"comment_status":"closed","ping_status":"closed","template":"pages\/page-contact.php","meta":{"footnotes":""},"class_list":["post-303","page","type-page","status-publish","hentry"],"_links":{"self":[{"href":"https:\/\/adsart.net\/index.php?rest_route=\/wp\/v2\/pages\/303","targetHints":{"allow":["GET"]}}],"collection":[{"href":"https:\/\/adsart.net\/index.php?rest_route=\/wp\/v2\/pages"}],"about":[{"href":"https:\/\/adsart.net\/index.php?rest_route=\/wp\/v2\/types\/page"}],"author":[{"embeddable":true,"href":"https:\/\/adsart.net\/index.php?rest_route=\/wp\/v2\/users\/1"}],"replies":[{"embeddable":true,"href":"https:\/\/adsart.net\/index.php?rest_route=%2Fwp%2Fv2%2Fcomments&post=303"}],"version-history":[{"count":4,"href":"https:\/\/adsart.net\/index.php?rest_route=\/wp\/v2\/pages\/303\/revisions"}],"predecessor-version":[{"id":706,"href":"https:\/\/adsart.net\/index.php?rest_route=\/wp\/v2\/pages\/303\/revisions\/706"}],"wp:attachment":[{"href":"https:\/\/adsart.net\/index.php?rest_route=%2Fwp%2Fv2%2Fmedia&parent=303"}],"curies":[{"name":"wp","href":"https:\/\/api.w.org\/{rel}","templated":true}]}}